{"id":24345,"date":"2026-01-06T20:11:56","date_gmt":"2026-01-06T20:11:56","guid":{"rendered":"https:\/\/forsarealestate.com\/registration-confirmation\/"},"modified":"2026-02-13T16:20:38","modified_gmt":"2026-02-13T16:20:38","slug":"registration-confirmation","status":"publish","type":"page","link":"https:\/\/forsarealestate.com\/de\/registration-confirmation\/","title":{"rendered":"Registration Confirmation"},"content":{"rendered":"\t\t<div data-elementor-type=\"wp-page\" data-elementor-id=\"24345\" class=\"elementor elementor-24345 elementor-21693\">\n\t\t\t\t\t\t<section class=\"elementor-section elementor-top-section elementor-element elementor-element-49038a6f elementor-section-content-middle elementor-section-full_width elementor-section-height-full elementor-section-height-default elementor-section-items-middle\" data-id=\"49038a6f\" data-element_type=\"section\" data-e-type=\"section\" data-settings=\"{&quot;background_background&quot;:&quot;classic&quot;}\">\n\t\t\t\t\t\t\t<div class=\"elementor-background-overlay\"><\/div>\n\t\t\t\t\t\t\t<div class=\"elementor-container elementor-column-gap-default\">\n\t\t\t\t\t<div class=\"elementor-column elementor-col-100 elementor-top-column elementor-element elementor-element-d75f729\" data-id=\"d75f729\" data-element_type=\"column\" data-e-type=\"column\">\n\t\t\t<div class=\"elementor-widget-wrap elementor-element-populated\">\n\t\t\t\t\t\t<div class=\"elementor-element elementor-element-305668d elementor-widget elementor-widget-heading\" data-id=\"305668d\" data-element_type=\"widget\" data-e-type=\"widget\" data-widget_type=\"heading.default\">\n\t\t\t\t<div class=\"elementor-widget-container\">\n\t\t\t\t\t<h1 class=\"elementor-heading-title elementor-size-default\">Anmeldebest\u00e4tigung<\/h1>\t\t\t\t<\/div>\n\t\t\t\t<\/div>\n\t\t\t\t<div class=\"elementor-element elementor-element-f59e33b elementor-widget elementor-widget-heading\" data-id=\"f59e33b\" data-element_type=\"widget\" data-e-type=\"widget\" data-widget_type=\"heading.default\">\n\t\t\t\t<div class=\"elementor-widget-container\">\n\t\t\t\t\t<h1 class=\"elementor-heading-title elementor-size-default\">Ihre Anfrage wurde erfolgreich \u00fcbermittelt.<\/h1>\t\t\t\t<\/div>\n\t\t\t\t<\/div>\n\t\t\t\t<div class=\"elementor-element elementor-element-3043fea elementor-widget elementor-widget-html\" data-id=\"3043fea\" data-element_type=\"widget\" data-e-type=\"widget\" data-widget_type=\"html.default\">\n\t\t\t\t<div class=\"elementor-widget-container\">\n\t\t\t\t\t<div id=\"unit-box\">\n  <div class=\"unit-label\">Sie haben sich registriert f\u00fcr:<\/div>\n  <div id=\"unit-name\"><\/div>\n  <a id=\"unit-link\" href=\"\" target=\"_blank\">Einheitsseite anzeigen<\/a>\n<\/div>\n\n<style>\n#unit-box{\n  position: relative;\n  margin: 30px auto;        \/* \u064a\u062e\u0644\u064a\u0647 \u0641\u064a \u0627\u0644\u0646\u0635 *\/\n  padding: 14px 22px;\n  background: rgba(0,0,0,0.45);\n  border-radius: 10px;\n  max-width: 360px;\n  text-align: center;\n  display: block;\n}\n\n\/* \u0644\u0648 \u0627\u0644\u0639\u0645\u0648\u062f \u0628\u062a\u0627\u0639 Elementor \u0645\u0627\u0626\u0644 \u0634\u0645\u0627\u0644\u060c \u0646\u0641\u0631\u0636 \u0627\u0644\u062a\u0648\u0633\u064a\u0637 *\/\n.elementor-widget-html {\n  display: flex;\n  justify-content: center;\n}\n\n#unit-box .unit-label{\n  font-size: 14px;\n  color: #ddd;\n  margin-bottom: 6px;\n}\n\n#unit-name{\n  font-size: 20px;\n  font-weight: 700;\n  color: #ffffff;\n  margin-bottom: 6px;\n}\n\n#unit-link{\n  font-size: 14px;\n  color: #4da6ff;\n  text-decoration: none;\n}\n\n#unit-link:hover{\n  text-decoration: underline;\n}\n<\/style>\n\n<script>\nconst params = new URLSearchParams(window.location.search);\n\n\/\/ \u0627\u0633\u0645 \u0627\u0644\u0648\u062d\u062f\u0629\nconst unitName = params.get(\"title\");\n\n\/\/ \u0644\u064a\u0646\u0643 \u0627\u0644\u0635\u0641\u062d\u0629\nconst unitLink = params.get(\"from\");\n\nif (unitName) {\n  document.getElementById(\"unit-name\").innerText = unitName;\n}\n\nif (unitLink) {\n  document.getElementById(\"unit-link\").href = unitLink;\n  document.getElementById(\"unit-link\").innerText = unitLink;\n}\n<\/script>\n\t\t\t\t<\/div>\n\t\t\t\t<\/div>\n\t\t\t\t<div class=\"elementor-element elementor-element-fca0487 elementor-widget__width-initial elementor-widget elementor-widget-text-editor\" data-id=\"fca0487\" data-element_type=\"widget\" data-e-type=\"widget\" data-widget_type=\"text-editor.default\">\n\t\t\t\t<div class=\"elementor-widget-container\">\n\t\t\t\t\t\t\t\t\t<p>Vielen Dank f\u00fcr Ihr Interesse. Unser Team hat Ihre Anfrage erhalten und ein Forsa-Mitarbeiter wird sich in K\u00fcrze mit Ihnen in Verbindung setzen, um Ihnen alle Details und die n\u00e4chsten Schritte mitzuteilen.<\/p>\t\t\t\t\t\t\t\t<\/div>\n\t\t\t\t<\/div>\n\t\t\t\t\t<\/div>\n\t\t<\/div>\n\t\t\t\t\t<\/div>\n\t\t<\/section>\n\t\t\t\t<\/div>\n\t\t","protected":false},"excerpt":{"rendered":"<p>Anmeldebest\u00e4tigung Ihre Anfrage wurde erfolgreich \u00fcbermittelt. Sie haben sich registriert f\u00fcr: Einheitsseite anzeigen Vielen Dank f\u00fcr Ihr Interesse. Unser Team hat Ihre Anfrage erhalten und ein Forsa-Mitarbeiter wird sich in K\u00fcrze mit Ihnen in Verbindung setzen, um Ihnen alle Details und die n\u00e4chsten Schritte mitzuteilen.<\/p>\n","protected":false},"author":4,"featured_media":0,"parent":0,"menu_order":0,"comment_status":"closed","ping_status":"closed","template":"elementor_header_footer","meta":{"footnotes":""},"class_list":["post-24345","page","type-page","status-publish","hentry"],"_links":{"self":[{"href":"https:\/\/forsarealestate.com\/de\/wp-json\/wp\/v2\/pages\/24345","targetHints":{"allow":["GET"]}}],"collection":[{"href":"https:\/\/forsarealestate.com\/de\/wp-json\/wp\/v2\/pages"}],"about":[{"href":"https:\/\/forsarealestate.com\/de\/wp-json\/wp\/v2\/types\/page"}],"author":[{"embeddable":true,"href":"https:\/\/forsarealestate.com\/de\/wp-json\/wp\/v2\/users\/4"}],"replies":[{"embeddable":true,"href":"https:\/\/forsarealestate.com\/de\/wp-json\/wp\/v2\/comments?post=24345"}],"version-history":[{"count":3,"href":"https:\/\/forsarealestate.com\/de\/wp-json\/wp\/v2\/pages\/24345\/revisions"}],"predecessor-version":[{"id":24421,"href":"https:\/\/forsarealestate.com\/de\/wp-json\/wp\/v2\/pages\/24345\/revisions\/24421"}],"wp:attachment":[{"href":"https:\/\/forsarealestate.com\/de\/wp-json\/wp\/v2\/media?parent=24345"}],"curies":[{"name":"wp","href":"https:\/\/api.w.org\/{rel}","templated":true}]}}